{"id":154,"date":"2020-07-17T10:57:33","date_gmt":"2020-07-17T13:57:33","guid":{"rendered":"https:\/\/tuaregnatal.com.br\/site\/?page_id=154"},"modified":"2022-02-27T10:51:19","modified_gmt":"2022-02-27T13:51:19","slug":"nuriel-el-nur","status":"publish","type":"page","link":"https:\/\/tuaregnatal.com.br\/site\/nuriel-el-nur\/","title":{"rendered":"Nuriel El Nur &#8211; Release"},"content":{"rendered":"<p>[vc_row][vc_column width=&#8221;2\/3&#8243;][vc_column_text]Nuriel El Nur deu seus primeiros passos em Goi\u00e2nia\/GO em 1994 com Nilza de Moreira. A partir de 1995 teve contato com Lulu Sabongi, primeiro atrav\u00e9s do seu v\u00eddeo e depois em aulas, o que veio fortalecer ainda mais sua paix\u00e3o pela dan\u00e7a e a busca pelos estudos.<\/p>\r\n<p>\r\n\r\nEm 1997 devido ao seu trabalho como advogada, mudou-se para Natal\/RN. Nesta cidade abdicou da sua forma\u00e7\u00e3o, e deu in\u00edcio \u00e0 fomenta\u00e7\u00e3o do estudo da Dan\u00e7a Oriental, que em seguida expandiu-se para a Regi\u00e3o Nordeste. Hoje divide sua carreira entre diversas atividades: bailarina internacional, professora, core\u00f3grafa, estilista, produtora de eventos e administradora\/propriet\u00e1ria da Tuareg \u2013 Kasa do Oriente, escola renomada da regi\u00e3o, fundada em 1999.<\/p>\r\n<p>\r\n\r\nDesde 2001 tem o Certificado de Qualidade em Dan\u00e7a do Ventre da Khan el Khalili. Em 2002 foi convidada para participar da grava\u00e7\u00e3o do v\u00eddeo did\u00e1tico de Lulu Sabongi tendo como tema Tacksim. Foi a primeira do Nordeste a fazer parte do quadro das bailarinas \u201cNoites do Har\u00e9m\u201d ainda em 2006.<\/p>\r\n<p>\r\n\r\n\u00c9 filiada ao CREF10\/PB- RN, Conselho Regional de Educa\u00e7\u00e3o F\u00edsica, mantendo sempre a preocupa\u00e7\u00e3o com a sa\u00fade de quem a pratica. Possui o \u201cSelo de Honra\u201d de Lulu Sabongi. Contribuiu na forma\u00e7\u00e3o e desenvolvimento de diversas bailarinas e professoras atuantes no mercado de Natal, Rio de Janeiro, interior de S\u00e3o Paulo, Bahia, Minas Gerais, Mossor\u00f3, Fortaleza, Jo\u00e3o Pessoa, Recife, Boa Vista e em Lisboa, Portugal, que continuam se atualizando em aulas e workshops peri\u00f3dicos.<\/p>\r\n<p>\r\n\r\nEm 2017 retornou de uma temporada em Nova Iorque onde participou dos Festivais NYCairo e Cairo Khan NYC, apresentando-se e fazendo workshops com os principais profissionais da atualidade: Tito, Randa Kamel, Yousry Sharif, Wael Mansour, Gamal Seif, Ainda Nour, Saida, Mohammed Shahin, Nour dentre outros, em um total de 24 workshops e mais de 50 horas de aulas.<\/p>\r\n<p>\r\n\r\nEm 2015 gravou seu primeiro DVD did\u00e1tico atrav\u00e9s da Revista Shimmie, tendo como tema o Shaaby e tamb\u00e9m foi capa regional da mesma revista representando o Rio Grande do Norte, ed. 28. E por isso recebeu o Pr\u00eamio Shimmie pelo fomento da Dan\u00e7a no RN.<\/p>\r\n<p>\r\n\r\nEm 2013 e 2014 em Buenos Aires dividiu o palco com Samir Abut, Pablo Acosta, Mariel Sitka e M\u00f2nica Calder\u00f3n, e ministrou workshop no evento Sublime e tamb\u00e9m no evento Egipto a Buenos Aires.<\/p>\r\n<p>\r\n\r\nEm 2013 fez sua 3\u00aa viagem ao Egito onde passou um m\u00eas e teve aulas com Raquia Hassan, Dandash e Yasmina. Fez participa\u00e7\u00e3o especial na TV Eg\u00edpcia Dela3 gravando 6 dan\u00e7as para o canal e ainda teve contato direto com a \u201cDan\u00e7a de rua eg\u00edpcia\u201d em diversas ocasi\u00f5es. Tamb\u00e9m foi para a Europa em 2007, 2008 e 2010 (onde foi convidada junto com Nour, Yasser e Khaled Mahmoud do evento East Fest Lissabon), ministrando workshops e fazendo shows em Lisboa\/Portugal e Genebra\/Su\u00ed\u00e7a.<\/p>\r\n<p>\r\n\r\nEm seu curr\u00edculo est\u00e3o os principais Mestres Internacionais: Raquia Hassan, Soraia Zaied, Mahmoud Reda, Farida Fahmy, Aida Nour, Cam\u00e9lia, Khaled Mahmoud, Nour, Zahra, Tito, Hassan Afifi, Lulu Sabongi, Hadia, Jillina, Hossam Ramzy, Dina, Randa Kamel, Saida, Gamal Seif, Khaled Seif e ainda diversos mestres nacionais.<\/p>\r\n<p>\r\n\r\nOBJETIVOS: Divulgar e ajudar a aprimorar a Dan\u00e7a do Ventre no Nordeste<\/p>\r\n<p>\r\n\r\nEventos promovidos: 1\u00ba ao 12\u00ba ENCONTRO NE DE DAN\u00c7A ORIENTAL, ESS\u00caNCIAS DO ORIENTE, TRIBUTO \u00c0 OM KOULSUM, MEATTA, FACES, FESTAS \u201cNOITES DO ORIENTE\u201d e CARAVANA TUAREG.<\/p>\r\n<p>[\/vc_column_text][\/vc_column][vc_column width=&#8221;1\/3&#8243;][vc_single_image image=&#8221;129&#8243; img_size=&#8221;&#8221; alignment=&#8221;center&#8221; css_animation=&#8221;none&#8221;][vc_single_image image=&#8221;53&#8243; img_size=&#8221;&#8221; alignment=&#8221;center&#8221; css_animation=&#8221;none&#8221;][vc_hoverbox image=&#8221;269&#8243; primary_title=&#8221;&#8221; hover_title=&#8221;&#8221; hover_background_color=&#8221;white&#8221; align=&#8221;left&#8221; hover_btn_title=&#8221;Quero!&#8221; hover_btn_style=&#8221;3d&#8221; hover_btn_color=&#8221;purple&#8221; hover_add_button=&#8221;true&#8221; hover_btn_link=&#8221;url:https%3A%2F%2Ftuaregnatal.com.br%2Fsite%2F2021%2F12%2F28%2Fcurso-evolucao-dos-movimentos-com-nuriel-el-nur%2F|title:Saiba%20Mais|target:_blank&#8221; css=&#8221;.vc_custom_1645969638355{background-color: #8224e3 !important;border-radius: 3px !important;}&#8221;]<\/p>\r\n<p style=\"text-align: left;\">Um Curso do B\u00e1sico ao Avan\u00e7ado<\/p>\r\n<ul>\r\n<li style=\"list-style-type: none;\">\r\n<ul>\r\n<li style=\"text-align: left;\">Mais de 100 t\u00e9cnicas<\/li>\r\n<li style=\"text-align: left;\">Totalmente Gravado<\/li>\r\n<li style=\"text-align: left;\">Plataforma Hotmart<\/li>\r\n<li style=\"text-align: left;\">E Vital\u00edcio!<\/li>\r\n<\/ul>\r\n<\/li>\r\n<\/ul>\r\n<p>[\/vc_hoverbox][vc_hoverbox image=&#8221;270&#8243; primary_title=&#8221;&#8221; hover_title=&#8221;&#8221; hover_background_color=&#8221;white&#8221; align=&#8221;left&#8221; hover_btn_title=&#8221;Quero!&#8221; hover_btn_style=&#8221;3d&#8221; hover_btn_color=&#8221;blue&#8221; hover_add_button=&#8221;true&#8221; hover_btn_link=&#8221;url:https%3A%2F%2Ftuaregnatal.com.br%2Fsite%2F2021%2F12%2F28%2Fcurso-evolucao-dos-movimentos-com-nuriel-el-nur%2F|title:Saiba%20Mais|target:_blank&#8221; css=&#8221;.vc_custom_1645969835944{background-color: #8224e3 !important;border-radius: 3px !important;}&#8221;]<\/p>\r\n<p style=\"text-align: left;\">Um Curso do B\u00e1sico ao Intermedi\u00e1rio<\/p>\r\n<ul>\r\n<li style=\"list-style-type: none;\">\r\n<ul>\r\n<li style=\"text-align: left;\">Mais de 40 t\u00e9cnicas<\/li>\r\n<li style=\"text-align: left;\">Totalmente Gravado<\/li>\r\n<li style=\"text-align: left;\">Plataforma Hotmart<\/li>\r\n<li style=\"text-align: left;\">E Vital\u00edcio!<\/li>\r\n<\/ul>\r\n<\/li>\r\n<\/ul>\r\n<p>[\/vc_hoverbox][\/vc_column][\/vc_row]<\/p>","protected":false},"excerpt":{"rendered":"<p>[vc_row][vc_column width=&#8221;2\/3&#8243;][vc_column_text]Nuriel El Nur deu seus primeiros passos em Goi\u00e2nia\/GO em 1994 com Nilza de Moreira. A partir de 1995 teve contato com Lulu Sabongi, primeiro atrav\u00e9s do seu v\u00eddeo e depois em aulas, o que veio fortalecer ainda mais sua paix\u00e3o pela dan\u00e7a e a busca pelos estudos. Em 1997 devido ao seu trabalho&hellip;<\/p>\n","protected":false},"author":1,"featured_media":6,"parent":0,"menu_order":0,"comment_status":"closed","ping_status":"closed","template":"","meta":{"om_disable_all_campaigns":false,"_mi_skip_tracking":false,"_joinchat":[]},"aioseo_notices":[],"_links":{"self":[{"href":"https:\/\/tuaregnatal.com.br\/site\/wp-json\/wp\/v2\/pages\/154"}],"collection":[{"href":"https:\/\/tuaregnatal.com.br\/site\/wp-json\/wp\/v2\/pages"}],"about":[{"href":"https:\/\/tuaregnatal.com.br\/site\/wp-json\/wp\/v2\/types\/page"}],"author":[{"embeddable":true,"href":"https:\/\/tuaregnatal.com.br\/site\/wp-json\/wp\/v2\/users\/1"}],"replies":[{"embeddable":true,"href":"https:\/\/tuaregnatal.com.br\/site\/wp-json\/wp\/v2\/comments?post=154"}],"version-history":[{"count":7,"href":"https:\/\/tuaregnatal.com.br\/site\/wp-json\/wp\/v2\/pages\/154\/revisions"}],"predecessor-version":[{"id":271,"href":"https:\/\/tuaregnatal.com.br\/site\/wp-json\/wp\/v2\/pages\/154\/revisions\/271"}],"wp:featuredmedia":[{"embeddable":true,"href":"https:\/\/tuaregnatal.com.br\/site\/wp-json\/wp\/v2\/media\/6"}],"wp:attachment":[{"href":"https:\/\/tuaregnatal.com.br\/site\/wp-json\/wp\/v2\/media?parent=154"}],"curies":[{"name":"wp","href":"https:\/\/api.w.org\/{rel}","templated":true}]}}