{"id":19,"date":"2020-07-06T21:09:53","date_gmt":"2020-07-07T00:09:53","guid":{"rendered":"https:\/\/tuaregnatal.com.br\/site\/?page_id=19"},"modified":"2021-12-28T21:43:25","modified_gmt":"2021-12-28T23:43:25","slug":"quem-somos","status":"publish","type":"page","link":"https:\/\/tuaregnatal.com.br\/site\/quem-somos\/","title":{"rendered":"Quem Somos"},"content":{"rendered":"<p>[vc_row][vc_column width=&#8221;2\/3&#8243;][vc_column_text]A Tuareg Kasa do Oriente \u00e9 uma escola especializada em Dan\u00e7a do Ventre\u00a0 e Folclore \u00c1rabe situada no Conjunto Ponta Negra.<\/p>\n<p>Funciona de segunda a sexta a partir das 15:30 at\u00e9 20h e aos s\u00e1bados das 9:00 \u00e0s 18h.<\/p>\n<p>A escola foi fundada em 1999 por Nuriel El Nur, bailarina desde 1994. Hoje conta com ela e Lara Vasconcelos como professoras.<\/p>\n<p>As professoras de dan\u00e7a do ventre s\u00e3o afiliadas ao CREF\/RN e tem padr\u00e3o de qualidade Khan El Khalili. Lara \u00e9 graduada em Educa\u00e7\u00e3o F\u00edsica, foi uma das finalistas do primeiro Belly Dance Factor, 1\u00ba lugar no Festival Shimmie Recife e 3\u00ba lugar no Festival Shimmie nacional, categorias solo profissional e solo folclore respectivamente. Nuriel possui o selo de honra Lulu Sabongi, foi a primeira da regi\u00e3o nordeste a integrar o quadro de bailarinas \u201cNoites do Har\u00e9m\u201d da Khan el Khalili em 2006. Al\u00e9m de ter experi\u00eancia internacional ministrando workshop e em shows.<\/p>\n<p>Desde sua funda\u00e7\u00e3o, a Tuareg vem se destacando local e regionalmente pelo incentivo,<br \/>\nestudo e trabalho dessa arte representando o Rio Grande do Norte em eventos da regi\u00e3o.\u00a0E tamb\u00e9m em eventos de import\u00e2ncia nacional nesta \u00e1rea. Sendo a escola de maior renome do Rio Grande do Norte.<\/p>\n<p>Produz um dos maiores eventos da regi\u00e3o Norte-Nordeste, o Encontro Nordeste de Dan\u00e7a Oriental, ENEDO, que em sua 12\u00aa edi\u00e7\u00e3o (2019) teve como convidado o eg\u00edpcio Wael Mansour.<\/p>\n<p>O contato direto com professores internacionais faz com que a escola mantenha-se sempre atualizada com as t\u00e9cnicas, tend\u00eancias e novidades do mundo Belly Dance.<\/p>\n<p>Aqui dentro tamb\u00e9m nasceu o Lassant Atelier (de M\u00f4nica Santiago) e o atelier Nuriel El Nur.<\/p>\n<p>Em 2020 iniciou o ensino ONLINE, o que trouxe diversas oportunidades para a escola e alunas, agora espalhadas pelo mundo com os Cursos Os Segredos do V\u00e9u de Seda e Evolu\u00e7\u00e3o dos Movimentos pela Hotmart, acesse abaixo.<\/p>\n<p><a href=\"http:\/\/Acesse as p\u00e1ginas dos Cursos aqui!\">https:\/\/nurielelnur.com.br\/<\/a><\/p>\n<p>Desde 2020 procurou fomentar a cultura atrav\u00e9s da participa\u00e7\u00e3o em editais de import\u00e2ncia nacional.<\/p>\n<p>&nbsp;<\/p>\n<p>Aprova\u00e7\u00e3o em Editais (2020 e 2021)<\/p>\n<ul>\n<li>FUNARTE 2020\n<ul>\n<li>Respirarte &#8211; Nuriel El Nur<\/li>\n<\/ul>\n<\/li>\n<li>FJA &#8211; Lei Aldir Blanc &#8211; 2020\/2021\n<ul>\n<li>Espet\u00e1culo La\u00e7os em N\u00f3s<\/li>\n<li>Espet\u00e1culo Dan\u00e7a Oriental &#8211; Um Show Eg\u00edpcio no Brasil<\/li>\n<li>Oficina de Dan\u00e7a do Ventre com Nuriel El Nur para Iniciantes<\/li>\n<li>Oficina de Dan\u00e7a do Ventre com Lara Vasconcelos<\/li>\n<li>Oficina de Gest\u00e3o de Redes Sociais para Artistas com Michelle Santiago Santana<\/li>\n<li>Document\u00e1rio Enxergando a M\u00fasica Atrav\u00e9s do Movimento\u00a0 com Lara Vasconcelos e Lucas Miranda<\/li>\n<li>Projeto de Artes Integradas: Dan\u00e7as ao Acaso com Nuriel El Nur e Polyana Pimenta<\/li>\n<\/ul>\n<\/li>\n<\/ul>\n<p>[\/vc_column_text][\/vc_column][vc_column width=&#8221;1\/3&#8243;][vc_single_image image=&#8221;53&#8243; img_size=&#8221;&#8221; alignment=&#8221;center&#8221; onclick=&#8221;custom_link&#8221; link=&#8221;https:\/\/tuaregnatal.com.br\/site\/nuriel-el-nur\/&#8221;][vc_custom_heading text=&#8221;Nuriel El Nur &#8211; Release&#8221; font_container=&#8221;tag:h5|text_align:center|color:%233e4095&#8243; google_fonts=&#8221;font_family:Tauri%3Aregular|font_style:400%20regular%3A400%3Anormal&#8221; link=&#8221;url:https%3A%2F%2Ftuaregnatal.com.br%2Fsite%2Fnuriel-el-nur%2F|||&#8221; css=&#8221;.vc_custom_1594999089916{margin-top: -25px !important;}&#8221;][vc_separator][vc_single_image image=&#8221;170&#8243; img_size=&#8221;&#8221; alignment=&#8221;center&#8221; onclick=&#8221;custom_link&#8221; link=&#8221;https:\/\/tuaregnatal.com.br\/site\/lara-vasconcelos\/&#8221;][vc_custom_heading text=&#8221;Lara Vasconcelos &#8211; Release&#8221; font_container=&#8221;tag:h5|text_align:center|color:%233e4095&#8243; google_fonts=&#8221;font_family:Tauri%3Aregular|font_style:400%20regular%3A400%3Anormal&#8221; link=&#8221;url:https%3A%2F%2Ftuaregnatal.com.br%2Fsite%2Flara-vasconcelos%2F|||&#8221; css=&#8221;.vc_custom_1594999101945{margin-top: -25px !important;}&#8221;][\/vc_column][\/vc_row]<\/p>\n","protected":false},"excerpt":{"rendered":"<p>[vc_row][vc_column width=&#8221;2\/3&#8243;][vc_column_text]A Tuareg Kasa do Oriente \u00e9 uma escola especializada em Dan\u00e7a do Ventre\u00a0 e Folclore \u00c1rabe situada no Conjunto Ponta Negra. Funciona de segunda a sexta a partir das 15:30 at\u00e9 20h e aos s\u00e1bados das 9:00 \u00e0s 18h. A escola foi fundada em 1999 por Nuriel El Nur, bailarina desde 1994. Hoje conta&hellip;<\/p>\n","protected":false},"author":1,"featured_media":6,"parent":0,"menu_order":0,"comment_status":"closed","ping_status":"closed","template":"","meta":{"om_disable_all_campaigns":false,"_mi_skip_tracking":false,"_joinchat":[]},"aioseo_notices":[],"_links":{"self":[{"href":"https:\/\/tuaregnatal.com.br\/site\/wp-json\/wp\/v2\/pages\/19"}],"collection":[{"href":"https:\/\/tuaregnatal.com.br\/site\/wp-json\/wp\/v2\/pages"}],"about":[{"href":"https:\/\/tuaregnatal.com.br\/site\/wp-json\/wp\/v2\/types\/page"}],"author":[{"embeddable":true,"href":"https:\/\/tuaregnatal.com.br\/site\/wp-json\/wp\/v2\/users\/1"}],"replies":[{"embeddable":true,"href":"https:\/\/tuaregnatal.com.br\/site\/wp-json\/wp\/v2\/comments?post=19"}],"version-history":[{"count":21,"href":"https:\/\/tuaregnatal.com.br\/site\/wp-json\/wp\/v2\/pages\/19\/revisions"}],"predecessor-version":[{"id":256,"href":"https:\/\/tuaregnatal.com.br\/site\/wp-json\/wp\/v2\/pages\/19\/revisions\/256"}],"wp:featuredmedia":[{"embeddable":true,"href":"https:\/\/tuaregnatal.com.br\/site\/wp-json\/wp\/v2\/media\/6"}],"wp:attachment":[{"href":"https:\/\/tuaregnatal.com.br\/site\/wp-json\/wp\/v2\/media?parent=19"}],"curies":[{"name":"wp","href":"https:\/\/api.w.org\/{rel}","templated":true}]}}